{"id":140,"date":"2026-03-31T10:37:52","date_gmt":"2026-03-31T10:37:52","guid":{"rendered":"https:\/\/nolvx.com\/?page_id=140"},"modified":"2026-04-02T08:50:03","modified_gmt":"2026-04-02T08:50:03","slug":"telif-hakki","status":"publish","type":"page","link":"https:\/\/naegg.com\/en\/telif-hakki\/","title":{"rendered":"Telif hakk\u0131"},"content":{"rendered":"<p>Naegg.com , yasalara, telif haklar\u0131na ve \u00f6zl\u00fck haklar\u0131na sayg\u0131 g\u00f6stermeyi ama\u00e7lar. Sitemiz 5651 say\u0131l\u0131 kanunda tan\u0131mlanan \u201chosting sa\u011flay\u0131c\u0131\u201d olarak hizmet vermektedir. \u0130lgili yasaya g\u00f6re site y\u00f6netiminin yasa d\u0131\u015f\u0131 i\u00e7eri\u011fi kontrol etme y\u00fck\u00fcml\u00fcl\u00fc\u011f\u00fc bulunmamaktad\u0131r. Bu nedenle sitemiz \u201cuyar ve kald\u0131r\u201d ilkesini benimsemi\u015ftir. Telif hakk\u0131yla korunan eserlerin hukuka ayk\u0131r\u0131 olarak payla\u015f\u0131ld\u0131\u011f\u0131n\u0131 ve yasal haklar\u0131n\u0131n ihlal edildi\u011fini d\u00fc\u015f\u00fcnen hak sahipleri veya meslek birlikleri yorum ve e-posta yoluyla bizimle ileti\u015fime ge\u00e7ebilir. Bizimle ileti\u015fime ge\u00e7ilmesi halinde ilgili kanun ve y\u00f6netmelikler \u00e7er\u00e7evesinde kald\u0131r\u0131lacak ve sizinle ileti\u015fime ge\u00e7ilecek ve gerekli bilgiler verilecektir.<\/p>\n<p>Ayr\u0131ca sitemizden indirilen oyunlar\u0131n veya uygulamalar\u0131n \u201cuygulama izinleri\u201d Google Play ve App Store\u2019dakilerle ayn\u0131d\u0131r. Oyun ve uygulama izinlerinde herhangi bir ayarlama yapm\u0131yoruz. Bu nedenle, cihaz\u0131n\u0131za g\u00f6n\u00fcl rahatl\u0131\u011f\u0131yla y\u00fckleyebilirsiniz. Herhangi bir sorun i\u00e7in Google Play veya App Store\u2019daki oyunun yap\u0131mc\u0131 \u015firketine yorum b\u0131rak\u0131n veya bir e-posta g\u00f6nderin. Uygulama izinlerinde herhangi bir ayarlama yapmad\u0131\u011f\u0131m\u0131z i\u00e7in, sitemiz cihaz\u0131n\u0131zda olu\u015fabilecek herhangi bir sorundan sorumlu tutulamaz.<\/p>\n<p>\u0130ndirilen dosyalar\u0131 bar\u0131nd\u0131rm\u0131yoruz kendi sunucular\u0131m\u0131zda. Hala telif hakk\u0131yla korunan i\u00e7erik varsa, l\u00fctfen a\u015fa\u011f\u0131daki e-posta adresinden bize g\u00f6nderin.<\/p>\n<p>Bizimle ileti\u015fim sayfas\u0131ndan ileti\u015fime ge\u00e7ebilirsiniz.<\/p>","protected":false},"excerpt":{"rendered":"<p>Naegg.com , yasalara, telif haklar\u0131na ve \u00f6zl\u00fck haklar\u0131na sayg\u0131 g\u00f6stermeyi ama\u00e7lar. Sitemiz 5651 say\u0131l\u0131 kanunda tan\u0131mlanan \u201chosting sa\u011flay\u0131c\u0131\u201d olarak hizmet vermektedir. \u0130lgili yasaya g\u00f6re site y\u00f6netiminin yasa d\u0131\u015f\u0131 i\u00e7eri\u011fi kontrol etme y\u00fck\u00fcml\u00fcl\u00fc\u011f\u00fc bulunmamaktad\u0131r. Bu nedenle sitemiz \u201cuyar ve kald\u0131r\u201d ilkesini benimsemi\u015ftir. Telif hakk\u0131yla korunan eserlerin hukuka ayk\u0131r\u0131 olarak payla\u015f\u0131ld\u0131\u011f\u0131n\u0131 ve yasal haklar\u0131n\u0131n ihlal edildi\u011fini d\u00fc\u015f\u00fcnen [&hellip;]<\/p>\n","protected":false},"author":1,"featured_media":0,"parent":0,"menu_order":0,"comment_status":"closed","ping_status":"closed","template":"","meta":{"footnotes":""},"class_list":["post-140","page","type-page","status-publish","hentry"],"yoast_head":"<!-- This site is optimized with the Yoast SEO plugin v27.3 - https:\/\/yoast.com\/product\/yoast-seo-wordpress\/ -->\n<title>Telif hakk\u0131 | Naegg<\/title>\n<meta name=\"robots\" content=\"index, follow, max-snippet:-1, max-image-preview:large, max-video-preview:-1\" \/>\n<link rel=\"canonical\" href=\"https:\/\/naegg.com\/en\/telif-hakki\/\" \/>\n<meta property=\"og:locale\" content=\"en_US\" \/>\n<meta property=\"og:type\" content=\"article\" \/>\n<meta property=\"og:title\" content=\"Telif hakk\u0131 | Naegg\" \/>\n<meta property=\"og:description\" content=\"Naegg.com , yasalara, telif haklar\u0131na ve \u00f6zl\u00fck haklar\u0131na sayg\u0131 g\u00f6stermeyi ama\u00e7lar. Sitemiz 5651 say\u0131l\u0131 kanunda tan\u0131mlanan \u201chosting sa\u011flay\u0131c\u0131\u201d olarak hizmet vermektedir. \u0130lgili yasaya g\u00f6re site y\u00f6netiminin yasa d\u0131\u015f\u0131 i\u00e7eri\u011fi kontrol etme y\u00fck\u00fcml\u00fcl\u00fc\u011f\u00fc bulunmamaktad\u0131r. Bu nedenle sitemiz \u201cuyar ve kald\u0131r\u201d ilkesini benimsemi\u015ftir. Telif hakk\u0131yla korunan eserlerin hukuka ayk\u0131r\u0131 olarak payla\u015f\u0131ld\u0131\u011f\u0131n\u0131 ve yasal haklar\u0131n\u0131n ihlal edildi\u011fini d\u00fc\u015f\u00fcnen [&hellip;]\" \/>\n<meta property=\"og:url\" content=\"https:\/\/naegg.com\/en\/telif-hakki\/\" \/>\n<meta property=\"og:site_name\" content=\"Naegg\" \/>\n<meta property=\"article:modified_time\" content=\"2026-04-02T08:50:03+00:00\" \/>\n<meta name=\"twitter:card\" content=\"summary_large_image\" \/>\n<meta name=\"twitter:label1\" content=\"Est. reading time\" \/>\n\t<meta name=\"twitter:data1\" content=\"2 minutes\" \/>\n<script type=\"application\/ld+json\" class=\"yoast-schema-graph\">{\"@context\":\"https:\\\/\\\/schema.org\",\"@graph\":[{\"@type\":\"WebPage\",\"@id\":\"https:\\\/\\\/naegg.com\\\/telif-hakki\\\/\",\"url\":\"https:\\\/\\\/naegg.com\\\/telif-hakki\\\/\",\"name\":\"Telif hakk\u0131 | Naegg\",\"isPartOf\":{\"@id\":\"https:\\\/\\\/naegg.com\\\/#website\"},\"datePublished\":\"2026-03-31T10:37:52+00:00\",\"dateModified\":\"2026-04-02T08:50:03+00:00\",\"breadcrumb\":{\"@id\":\"https:\\\/\\\/naegg.com\\\/telif-hakki\\\/#breadcrumb\"},\"inLanguage\":\"en-US\",\"potentialAction\":[{\"@type\":\"ReadAction\",\"target\":[\"https:\\\/\\\/naegg.com\\\/telif-hakki\\\/\"]}]},{\"@type\":\"BreadcrumbList\",\"@id\":\"https:\\\/\\\/naegg.com\\\/telif-hakki\\\/#breadcrumb\",\"itemListElement\":[{\"@type\":\"ListItem\",\"position\":1,\"name\":\"Anasayfa\",\"item\":\"https:\\\/\\\/naegg.com\\\/\"},{\"@type\":\"ListItem\",\"position\":2,\"name\":\"Telif hakk\u0131\"}]},{\"@type\":\"WebSite\",\"@id\":\"https:\\\/\\\/naegg.com\\\/#website\",\"url\":\"https:\\\/\\\/naegg.com\\\/\",\"name\":\"Naegg\",\"description\":\"Mobil apk indir\",\"potentialAction\":[{\"@type\":\"SearchAction\",\"target\":{\"@type\":\"EntryPoint\",\"urlTemplate\":\"https:\\\/\\\/naegg.com\\\/?s={search_term_string}\"},\"query-input\":{\"@type\":\"PropertyValueSpecification\",\"valueRequired\":true,\"valueName\":\"search_term_string\"}}],\"inLanguage\":\"en-US\"}]}<\/script>\n<!-- \/ Yoast SEO plugin. -->","yoast_head_json":{"title":"Telif hakk\u0131 | Naegg","robots":{"index":"index","follow":"follow","max-snippet":"max-snippet:-1","max-image-preview":"max-image-preview:large","max-video-preview":"max-video-preview:-1"},"canonical":"https:\/\/naegg.com\/en\/telif-hakki\/","og_locale":"en_US","og_type":"article","og_title":"Telif hakk\u0131 | Naegg","og_description":"Naegg.com , yasalara, telif haklar\u0131na ve \u00f6zl\u00fck haklar\u0131na sayg\u0131 g\u00f6stermeyi ama\u00e7lar. Sitemiz 5651 say\u0131l\u0131 kanunda tan\u0131mlanan \u201chosting sa\u011flay\u0131c\u0131\u201d olarak hizmet vermektedir. \u0130lgili yasaya g\u00f6re site y\u00f6netiminin yasa d\u0131\u015f\u0131 i\u00e7eri\u011fi kontrol etme y\u00fck\u00fcml\u00fcl\u00fc\u011f\u00fc bulunmamaktad\u0131r. Bu nedenle sitemiz \u201cuyar ve kald\u0131r\u201d ilkesini benimsemi\u015ftir. Telif hakk\u0131yla korunan eserlerin hukuka ayk\u0131r\u0131 olarak payla\u015f\u0131ld\u0131\u011f\u0131n\u0131 ve yasal haklar\u0131n\u0131n ihlal edildi\u011fini d\u00fc\u015f\u00fcnen [&hellip;]","og_url":"https:\/\/naegg.com\/en\/telif-hakki\/","og_site_name":"Naegg","article_modified_time":"2026-04-02T08:50:03+00:00","twitter_card":"summary_large_image","twitter_misc":{"Est. reading time":"2 minutes"},"schema":{"@context":"https:\/\/schema.org","@graph":[{"@type":"WebPage","@id":"https:\/\/naegg.com\/telif-hakki\/","url":"https:\/\/naegg.com\/telif-hakki\/","name":"Telif hakk\u0131 | Naegg","isPartOf":{"@id":"https:\/\/naegg.com\/#website"},"datePublished":"2026-03-31T10:37:52+00:00","dateModified":"2026-04-02T08:50:03+00:00","breadcrumb":{"@id":"https:\/\/naegg.com\/telif-hakki\/#breadcrumb"},"inLanguage":"en-US","potentialAction":[{"@type":"ReadAction","target":["https:\/\/naegg.com\/telif-hakki\/"]}]},{"@type":"BreadcrumbList","@id":"https:\/\/naegg.com\/telif-hakki\/#breadcrumb","itemListElement":[{"@type":"ListItem","position":1,"name":"Anasayfa","item":"https:\/\/naegg.com\/"},{"@type":"ListItem","position":2,"name":"Telif hakk\u0131"}]},{"@type":"WebSite","@id":"https:\/\/naegg.com\/#website","url":"https:\/\/naegg.com\/","name":"Naegg","description":"Mobil apk indir","potentialAction":[{"@type":"SearchAction","target":{"@type":"EntryPoint","urlTemplate":"https:\/\/naegg.com\/?s={search_term_string}"},"query-input":{"@type":"PropertyValueSpecification","valueRequired":true,"valueName":"search_term_string"}}],"inLanguage":"en-US"}]}},"_links":{"self":[{"href":"https:\/\/naegg.com\/en\/wp-json\/wp\/v2\/pages\/140","targetHints":{"allow":["GET"]}}],"collection":[{"href":"https:\/\/naegg.com\/en\/wp-json\/wp\/v2\/pages"}],"about":[{"href":"https:\/\/naegg.com\/en\/wp-json\/wp\/v2\/types\/page"}],"author":[{"embeddable":true,"href":"https:\/\/naegg.com\/en\/wp-json\/wp\/v2\/users\/1"}],"replies":[{"embeddable":true,"href":"https:\/\/naegg.com\/en\/wp-json\/wp\/v2\/comments?post=140"}],"version-history":[{"count":2,"href":"https:\/\/naegg.com\/en\/wp-json\/wp\/v2\/pages\/140\/revisions"}],"predecessor-version":[{"id":156,"href":"https:\/\/naegg.com\/en\/wp-json\/wp\/v2\/pages\/140\/revisions\/156"}],"wp:attachment":[{"href":"https:\/\/naegg.com\/en\/wp-json\/wp\/v2\/media?parent=140"}],"curies":[{"name":"wp","href":"https:\/\/api.w.org\/{rel}","templated":true}]}}