{"id":136,"date":"2026-03-31T10:37:20","date_gmt":"2026-03-31T10:37:20","guid":{"rendered":"https:\/\/nolvx.com\/?page_id=136"},"modified":"2026-04-02T08:49:50","modified_gmt":"2026-04-02T08:49:50","slug":"gizlilik-politikasi","status":"publish","type":"page","link":"https:\/\/naegg.com\/en\/gizlilik-politikasi\/","title":{"rendered":"Privacy Policy"},"content":{"rendered":"<p>Biz kimiz<br \/>\nWeb sitemizin adresi: naegg.com<br \/>\nHangi ama\u00e7la toplad\u0131\u011f\u0131m\u0131z ki\u015fisel bilgiler<br \/>\nYorumlar<\/p>\n<p>Ziyaret\u00e7iler siteye yorum b\u0131rakt\u0131\u011f\u0131nda, istenmeyen yorumlar\u0131 tespit etmeye yard\u0131mc\u0131 olmak i\u00e7in yorum formunda g\u00f6sterilen verilerin yan\u0131 s\u0131ra ziyaret\u00e7inin IP adresini ve taray\u0131c\u0131 bilgileri metnini de toplar\u0131z.<\/p>\n<p>Hizmeti kullan\u0131p kullanmad\u0131\u011f\u0131n\u0131z\u0131 g\u00f6rmek i\u00e7in e-posta adresinizden olu\u015fturulan anonim bir metin (karma olarak da adland\u0131r\u0131l\u0131r) Gravatar hizmetine sa\u011flanabilir. Gravatar hizmetinin gizlilik politikas\u0131 a\u015fa\u011f\u0131daki adreste yer almaktad\u0131r: https:\/\/automattic.com\/privacy \/. Yorumunuz onayland\u0131ktan sonra, profil resminiz yorumunuzla birlikte herkes taraf\u0131ndan g\u00f6r\u00fclecektir.<\/p>\n<p>Web sitemize resim y\u00fckl\u00fcyorsan\u0131z, kat\u0131\u015ft\u0131r\u0131lm\u0131\u015f konum verileri (EXIF GPS) i\u00e7eren resimler y\u00fcklemekten ka\u00e7\u0131nmal\u0131s\u0131n\u0131z. Web sitesi ziyaret\u00e7ileri, web sitesindeki resimlerden herhangi bir konum bilgisini indirebilir ve \u00e7\u0131karabilir.<\/p>\n<p>\u0130leti\u015fim formlar\u0131<\/p>\n<p>Sitemizde bir yorum b\u0131rak\u0131rsan\u0131z, ad\u0131n\u0131z\u0131, e-posta adresinizi ve web sitenizi \u00e7erezlere kaydetmeyi se\u00e7ebilirsiniz. Bunlar size kolayl\u0131k sa\u011flamak i\u00e7indir, bu nedenle ba\u015fka bir yorum b\u0131rakt\u0131\u011f\u0131n\u0131zda bilgilerinizi tekrar doldurman\u0131z gerekmez. Bu \u00e7erezler bir y\u0131ll\u0131k bir s\u00fcre i\u00e7in kal\u0131r.<\/p>\n<p>Giri\u015f sayfam\u0131z\u0131 ziyaret ederseniz, taray\u0131c\u0131n\u0131z\u0131n \u00e7erezleri kabul edip etmedi\u011fini belirlemek i\u00e7in ge\u00e7ici bir \u00e7erez ayarlayaca\u011f\u0131z. Bu \u00e7erez herhangi bir ki\u015fisel veri i\u00e7ermez ve taray\u0131c\u0131n\u0131z\u0131 kapatt\u0131\u011f\u0131n\u0131zda at\u0131l\u0131r.<\/p>\n<p>Giri\u015f yapt\u0131\u011f\u0131n\u0131zda, giri\u015f bilgilerinizi ve ekran g\u00f6r\u00fcnt\u00fcleme se\u00e7iminizi kaydetmek i\u00e7in birka\u00e7 \u00e7erez kaydedece\u011fiz. Oturum a\u00e7ma \u00e7erezleri iki g\u00fcn, ekran se\u00e7enekleri \u00e7erezleri ise bir y\u0131l boyunca kal\u0131r. \u201cBeni hat\u0131rla\u201d se\u00e7ene\u011fini belirlerseniz, giri\u015finiz iki hafta boyunca devam eder. Hesab\u0131n\u0131zdan \u00e7\u0131k\u0131\u015f yaparsan\u0131z, oturum a\u00e7ma \u00e7erezleri kald\u0131r\u0131lacakt\u0131r.<\/p>\n<p>Bir Ekim makalesini d\u00fczenlerseniz veya yay\u0131nlarsan\u0131z, taray\u0131c\u0131n\u0131za ek bir \u00e7erez kaydedilir. Bu \u00e7erez herhangi bir ki\u015fisel veri i\u00e7ermez ve yaln\u0131zca d\u00fczenledi\u011finiz makalenin makale kimli\u011fini g\u00f6sterir. 1 g\u00fcn sonra sona erer.<\/p>\n<p>Di\u011fer sitelerden g\u00f6m\u00fcl\u00fc i\u00e7erik<\/p>\n<p>Bu sitedeki makaleler g\u00f6m\u00fcl\u00fc i\u00e7eriktir (\u00f6r. Videolar, resimler, makaleler vb.).) \u0130\u00e7erebilir. Di\u011fer web sitelerinden g\u00f6m\u00fcl\u00fc i\u00e7erik, ziyaret\u00e7inin ba\u015fka bir web sitesini ziyaret etmi\u015f gibi davran\u0131r.<\/p>\n<p>Bu web siteleri hakk\u0131n\u0131zda veri toplayabilir, \u00e7erezler kullanabilir, \u00fc\u00e7\u00fcnc\u00fc bir taraf\u00e7a g\u00f6m\u00fcl\u00fc izleme ger\u00e7ekle\u015ftirebilir ve hesab\u0131n\u0131z varsa ve bu web sitesinde oturum a\u00e7t\u0131ysan\u0131z g\u00f6m\u00fcl\u00fc i\u00e7erikle etkile\u015fiminizi izlemek de dahil olmak \u00fczere bu g\u00f6m\u00fcl\u00fc i\u00e7erikle etkile\u015fiminizi izleyebilir.<\/p>\n<p>Analiz<br \/>\nVerilerinizi kimlerle payla\u015f\u0131yoruz<br \/>\nVerilerinizi ne kadar s\u00fcreyle saklar\u0131z<\/p>\n<p>Bir yorum b\u0131rak\u0131rsan\u0131z, yorum ve meta verileri s\u00fcresiz olarak saklan\u0131r. Bu \u015fekilde, sonraki yorumlar\u0131n\u0131z\u0131 denetim kuyru\u011funda tutmak yerine otomatik olarak tan\u0131yabilir ve onaylayabiliriz.<\/p>\n<p>Web sitemize kay\u0131t olan kullan\u0131c\u0131lar i\u00e7in, sa\u011flad\u0131klar\u0131 ki\u015fisel bilgileri (varsa) kullan\u0131c\u0131 profilinde de saklar\u0131z. T\u00fcm kullan\u0131c\u0131lar ki\u015fisel bilgilerini istedikleri zaman g\u00f6r\u00fcnt\u00fcleyebilir, d\u00fczenleyebilir veya silebilir (kullan\u0131c\u0131 ad\u0131n\u0131 de\u011fi\u015ftirmek hari\u00e7). Web sitesi y\u00f6neticileri de bu bilgileri g\u00f6r\u00fcnt\u00fcleyebilir ve d\u00fczenleyebilir.<\/p>\n<p>Verileriniz \u00fczerindeki haklar\u0131n\u0131z nelerdir<\/p>\n<p>Bu sitede bir hesab\u0131n\u0131z veya yorumunuz varsa, bize sa\u011flad\u0131\u011f\u0131n\u0131z veriler de dahil olmak \u00fczere hakk\u0131n\u0131zda tuttu\u011fumuz ki\u015fisel verilerin d\u0131\u015fa aktar\u0131lan bir dosyas\u0131n\u0131 alman\u0131z\u0131 isteyebilirsiniz. Hakk\u0131n\u0131zda saklad\u0131\u011f\u0131m\u0131z t\u00fcm ki\u015fisel verilerin silinmesini de talep edebilirsiniz. Bu, idari, yasal veya g\u00fcvenlik amac\u0131yla uymakla y\u00fck\u00fcml\u00fc oldu\u011fumuz hi\u00e7bir veriyi i\u00e7ermez.<\/p>\n<p>Ziyaret\u00e7i yorumlar\u0131, otomatik istenmeyen yorum alg\u0131lama hizmeti arac\u0131l\u0131\u011f\u0131yla kontrol edilebilir.<\/p>\n<p>Bizimle ileti\u015fim sayfas\u0131ndan ileti\u015fime ge\u00e7ebilirsiniz.<\/p>","protected":false},"excerpt":{"rendered":"<p>Biz kimiz Web sitemizin adresi: naegg.com Hangi ama\u00e7la toplad\u0131\u011f\u0131m\u0131z ki\u015fisel bilgiler Yorumlar Ziyaret\u00e7iler siteye yorum b\u0131rakt\u0131\u011f\u0131nda, istenmeyen yorumlar\u0131 tespit etmeye yard\u0131mc\u0131 olmak i\u00e7in yorum formunda g\u00f6sterilen verilerin yan\u0131 s\u0131ra ziyaret\u00e7inin IP adresini ve taray\u0131c\u0131 bilgileri metnini de toplar\u0131z. Hizmeti kullan\u0131p kullanmad\u0131\u011f\u0131n\u0131z\u0131 g\u00f6rmek i\u00e7in e-posta adresinizden olu\u015fturulan anonim bir metin (karma olarak da adland\u0131r\u0131l\u0131r) Gravatar hizmetine [&hellip;]<\/p>\n","protected":false},"author":1,"featured_media":0,"parent":0,"menu_order":0,"comment_status":"closed","ping_status":"closed","template":"","meta":{"footnotes":""},"class_list":["post-136","page","type-page","status-publish","hentry"],"yoast_head":"<!-- This site is optimized with the Yoast SEO plugin v27.3 - https:\/\/yoast.com\/product\/yoast-seo-wordpress\/ -->\n<title>Gizlilik Politikas\u0131 | Naegg<\/title>\n<meta name=\"robots\" content=\"index, follow, max-snippet:-1, max-image-preview:large, max-video-preview:-1\" \/>\n<link rel=\"canonical\" href=\"https:\/\/naegg.com\/en\/gizlilik-politikasi\/\" \/>\n<meta property=\"og:locale\" content=\"en_US\" \/>\n<meta property=\"og:type\" content=\"article\" \/>\n<meta property=\"og:title\" content=\"Gizlilik Politikas\u0131 | Naegg\" \/>\n<meta property=\"og:description\" content=\"Biz kimiz Web sitemizin adresi: naegg.com Hangi ama\u00e7la toplad\u0131\u011f\u0131m\u0131z ki\u015fisel bilgiler Yorumlar Ziyaret\u00e7iler siteye yorum b\u0131rakt\u0131\u011f\u0131nda, istenmeyen yorumlar\u0131 tespit etmeye yard\u0131mc\u0131 olmak i\u00e7in yorum formunda g\u00f6sterilen verilerin yan\u0131 s\u0131ra ziyaret\u00e7inin IP adresini ve taray\u0131c\u0131 bilgileri metnini de toplar\u0131z. Hizmeti kullan\u0131p kullanmad\u0131\u011f\u0131n\u0131z\u0131 g\u00f6rmek i\u00e7in e-posta adresinizden olu\u015fturulan anonim bir metin (karma olarak da adland\u0131r\u0131l\u0131r) Gravatar hizmetine [&hellip;]\" \/>\n<meta property=\"og:url\" content=\"https:\/\/naegg.com\/en\/gizlilik-politikasi\/\" \/>\n<meta property=\"og:site_name\" content=\"Naegg\" \/>\n<meta property=\"article:modified_time\" content=\"2026-04-02T08:49:50+00:00\" \/>\n<meta name=\"twitter:card\" content=\"summary_large_image\" \/>\n<meta name=\"twitter:label1\" content=\"Est. reading time\" \/>\n\t<meta name=\"twitter:data1\" content=\"3 minutes\" \/>\n<script type=\"application\/ld+json\" class=\"yoast-schema-graph\">{\"@context\":\"https:\\\/\\\/schema.org\",\"@graph\":[{\"@type\":\"WebPage\",\"@id\":\"https:\\\/\\\/naegg.com\\\/gizlilik-politikasi\\\/\",\"url\":\"https:\\\/\\\/naegg.com\\\/gizlilik-politikasi\\\/\",\"name\":\"Gizlilik Politikas\u0131 | Naegg\",\"isPartOf\":{\"@id\":\"https:\\\/\\\/naegg.com\\\/#website\"},\"datePublished\":\"2026-03-31T10:37:20+00:00\",\"dateModified\":\"2026-04-02T08:49:50+00:00\",\"breadcrumb\":{\"@id\":\"https:\\\/\\\/naegg.com\\\/gizlilik-politikasi\\\/#breadcrumb\"},\"inLanguage\":\"en-US\",\"potentialAction\":[{\"@type\":\"ReadAction\",\"target\":[\"https:\\\/\\\/naegg.com\\\/gizlilik-politikasi\\\/\"]}]},{\"@type\":\"BreadcrumbList\",\"@id\":\"https:\\\/\\\/naegg.com\\\/gizlilik-politikasi\\\/#breadcrumb\",\"itemListElement\":[{\"@type\":\"ListItem\",\"position\":1,\"name\":\"Anasayfa\",\"item\":\"https:\\\/\\\/naegg.com\\\/\"},{\"@type\":\"ListItem\",\"position\":2,\"name\":\"Gizlilik Politikas\u0131\"}]},{\"@type\":\"WebSite\",\"@id\":\"https:\\\/\\\/naegg.com\\\/#website\",\"url\":\"https:\\\/\\\/naegg.com\\\/\",\"name\":\"Naegg\",\"description\":\"Mobil apk indir\",\"potentialAction\":[{\"@type\":\"SearchAction\",\"target\":{\"@type\":\"EntryPoint\",\"urlTemplate\":\"https:\\\/\\\/naegg.com\\\/?s={search_term_string}\"},\"query-input\":{\"@type\":\"PropertyValueSpecification\",\"valueRequired\":true,\"valueName\":\"search_term_string\"}}],\"inLanguage\":\"en-US\"}]}<\/script>\n<!-- \/ Yoast SEO plugin. -->","yoast_head_json":{"title":"Gizlilik Politikas\u0131 | Naegg","robots":{"index":"index","follow":"follow","max-snippet":"max-snippet:-1","max-image-preview":"max-image-preview:large","max-video-preview":"max-video-preview:-1"},"canonical":"https:\/\/naegg.com\/en\/gizlilik-politikasi\/","og_locale":"en_US","og_type":"article","og_title":"Gizlilik Politikas\u0131 | Naegg","og_description":"Biz kimiz Web sitemizin adresi: naegg.com Hangi ama\u00e7la toplad\u0131\u011f\u0131m\u0131z ki\u015fisel bilgiler Yorumlar Ziyaret\u00e7iler siteye yorum b\u0131rakt\u0131\u011f\u0131nda, istenmeyen yorumlar\u0131 tespit etmeye yard\u0131mc\u0131 olmak i\u00e7in yorum formunda g\u00f6sterilen verilerin yan\u0131 s\u0131ra ziyaret\u00e7inin IP adresini ve taray\u0131c\u0131 bilgileri metnini de toplar\u0131z. Hizmeti kullan\u0131p kullanmad\u0131\u011f\u0131n\u0131z\u0131 g\u00f6rmek i\u00e7in e-posta adresinizden olu\u015fturulan anonim bir metin (karma olarak da adland\u0131r\u0131l\u0131r) Gravatar hizmetine [&hellip;]","og_url":"https:\/\/naegg.com\/en\/gizlilik-politikasi\/","og_site_name":"Naegg","article_modified_time":"2026-04-02T08:49:50+00:00","twitter_card":"summary_large_image","twitter_misc":{"Est. reading time":"3 minutes"},"schema":{"@context":"https:\/\/schema.org","@graph":[{"@type":"WebPage","@id":"https:\/\/naegg.com\/gizlilik-politikasi\/","url":"https:\/\/naegg.com\/gizlilik-politikasi\/","name":"Gizlilik Politikas\u0131 | Naegg","isPartOf":{"@id":"https:\/\/naegg.com\/#website"},"datePublished":"2026-03-31T10:37:20+00:00","dateModified":"2026-04-02T08:49:50+00:00","breadcrumb":{"@id":"https:\/\/naegg.com\/gizlilik-politikasi\/#breadcrumb"},"inLanguage":"en-US","potentialAction":[{"@type":"ReadAction","target":["https:\/\/naegg.com\/gizlilik-politikasi\/"]}]},{"@type":"BreadcrumbList","@id":"https:\/\/naegg.com\/gizlilik-politikasi\/#breadcrumb","itemListElement":[{"@type":"ListItem","position":1,"name":"Anasayfa","item":"https:\/\/naegg.com\/"},{"@type":"ListItem","position":2,"name":"Gizlilik Politikas\u0131"}]},{"@type":"WebSite","@id":"https:\/\/naegg.com\/#website","url":"https:\/\/naegg.com\/","name":"Naegg","description":"Mobil apk indir","potentialAction":[{"@type":"SearchAction","target":{"@type":"EntryPoint","urlTemplate":"https:\/\/naegg.com\/?s={search_term_string}"},"query-input":{"@type":"PropertyValueSpecification","valueRequired":true,"valueName":"search_term_string"}}],"inLanguage":"en-US"}]}},"_links":{"self":[{"href":"https:\/\/naegg.com\/en\/wp-json\/wp\/v2\/pages\/136","targetHints":{"allow":["GET"]}}],"collection":[{"href":"https:\/\/naegg.com\/en\/wp-json\/wp\/v2\/pages"}],"about":[{"href":"https:\/\/naegg.com\/en\/wp-json\/wp\/v2\/types\/page"}],"author":[{"embeddable":true,"href":"https:\/\/naegg.com\/en\/wp-json\/wp\/v2\/users\/1"}],"replies":[{"embeddable":true,"href":"https:\/\/naegg.com\/en\/wp-json\/wp\/v2\/comments?post=136"}],"version-history":[{"count":2,"href":"https:\/\/naegg.com\/en\/wp-json\/wp\/v2\/pages\/136\/revisions"}],"predecessor-version":[{"id":153,"href":"https:\/\/naegg.com\/en\/wp-json\/wp\/v2\/pages\/136\/revisions\/153"}],"wp:attachment":[{"href":"https:\/\/naegg.com\/en\/wp-json\/wp\/v2\/media?parent=136"}],"curies":[{"name":"wp","href":"https:\/\/api.w.org\/{rel}","templated":true}]}}